{"id":310,"date":"2025-11-07T14:41:14","date_gmt":"2025-11-07T12:41:14","guid":{"rendered":"http:\/\/test.radpi.org\/wpsite\/?page_id=310"},"modified":"2026-04-02T16:59:18","modified_gmt":"2026-04-02T14:59:18","slug":"don","status":"publish","type":"page","link":"https:\/\/radpi.org\/?page_id=310","title":{"rendered":"Faire un Don"},"content":{"rendered":"\t\t<div data-elementor-type=\"wp-page\" data-elementor-id=\"310\" class=\"elementor elementor-310\">\n\t\t\t\t<div class=\"elementor-element elementor-element-d0d2b7b e-flex e-con-boxed e-con e-parent\" data-id=\"d0d2b7b\" data-element_type=\"container\" data-e-type=\"container\" data-settings=\"{&quot;background_background&quot;:&quot;classic&quot;}\">\n\t\t\t\t\t<div class=\"e-con-inner\">\n\t\t<div class=\"elementor-element elementor-element-f5907a1 e-con-full e-flex e-con e-child\" data-id=\"f5907a1\" data-element_type=\"container\" data-e-type=\"container\">\n\t\t\t\t<div class=\"elementor-element elementor-element-291ac96 elementor-widget elementor-widget-image\" data-id=\"291ac96\" data-element_type=\"widget\" data-e-type=\"widget\" data-widget_type=\"image.default\">\n\t\t\t\t\t\t\t\t\t\t\t\t\t\t\t<img fetchpriority=\"high\" decoding=\"async\" width=\"600\" height=\"415\" src=\"https:\/\/radpi.org\/wp-content\/uploads\/2025\/11\/faire-un-don.jpg\" class=\"attachment-full size-full wp-image-1129\" alt=\"\" srcset=\"https:\/\/radpi.org\/wp-content\/uploads\/2025\/11\/faire-un-don.jpg 600w, https:\/\/radpi.org\/wp-content\/uploads\/2025\/11\/faire-un-don-300x208.jpg 300w\" sizes=\"(max-width: 600px) 100vw, 600px\" \/>\t\t\t\t\t\t\t\t\t\t\t\t\t\t\t<\/div>\n\t\t\t\t<\/div>\n\t\t<div class=\"elementor-element elementor-element-65d4688 e-con-full e-flex e-con e-child\" data-id=\"65d4688\" data-element_type=\"container\" data-e-type=\"container\">\n\t\t\t\t<div class=\"elementor-element elementor-element-b31c70c elementor-widget elementor-widget-text-editor\" data-id=\"b31c70c\" data-element_type=\"widget\" data-e-type=\"widget\" data-widget_type=\"text-editor.default\">\n\t\t\t\t\t\t\t\t\t<h2 style=\"font-family: Montserrat, Quicksand; font-size: 1.6875rem; line-height: 1.2; margin-block: 0px; max-width: 800px; color: #ffffff; font-style: normal; margin: 40px auto !important 24px auto !important;\"><span style=\"font-weight: bolder;\">Un soutien p\u00e9renne pour un impact durable en faveur des des populations vuln\u00e9rables de l&rsquo;Est de la R\u00e9publique D\u00e9mocratique du Congo<\/span><\/h2>\t\t\t\t\t\t\t\t<\/div>\n\t\t\t\t<\/div>\n\t\t<div class=\"elementor-element elementor-element-de00549 e-con-full e-flex e-con e-child\" data-id=\"de00549\" data-element_type=\"container\" data-e-type=\"container\">\n\t\t\t\t<div class=\"elementor-element elementor-element-d9b8290 elementor-widget elementor-widget-shortcode\" data-id=\"d9b8290\" data-element_type=\"widget\" data-e-type=\"widget\" data-widget_type=\"shortcode.default\">\n\t\t\t\t\t\t\t<div class=\"elementor-shortcode\">[give_form id=\"312\"]<\/div>\n\t\t\t\t\t\t<\/div>\n\t\t\t\t<\/div>\n\t\t\t\t\t<\/div>\n\t\t\t\t<\/div>\n\t\t\t\t<\/div>\n\t\t","protected":false},"excerpt":{"rendered":"<p>Un soutien p\u00e9renne pour un impact durable en faveur des des populations vuln\u00e9rables de l&rsquo;Est de la R\u00e9publique D\u00e9mocratique du Congo [give_form id=\u00a0\u00bb312&Prime;]<\/p>\n","protected":false},"author":1,"featured_media":0,"parent":0,"menu_order":0,"comment_status":"closed","ping_status":"closed","template":"","meta":{"site-sidebar-layout":"default","site-content-layout":"","ast-site-content-layout":"default","site-content-style":"default","site-sidebar-style":"default","ast-global-header-display":"","ast-banner-title-visibility":"","ast-main-header-display":"","ast-hfb-above-header-display":"","ast-hfb-below-header-display":"","ast-hfb-mobile-header-display":"","site-post-title":"","ast-breadcrumbs-content":"","ast-featured-img":"","footer-sml-layout":"","ast-disable-related-posts":"","theme-transparent-header-meta":"","adv-header-id-meta":"","stick-header-meta":"","header-above-stick-meta":"","header-main-stick-meta":"","header-below-stick-meta":"","astra-migrate-meta-layouts":"default","ast-page-background-enabled":"default","ast-page-background-meta":{"desktop":{"background-color":"var(--ast-global-color-5)","background-image":"","background-repeat":"repeat","background-position":"center center","background-size":"auto","background-attachment":"scroll","background-type":"","background-media":"","overlay-type":"","overlay-color":"","overlay-opacity":"","overlay-gradient":""},"tablet":{"background-color":"","background-image":"","background-repeat":"repeat","background-position":"center center","background-size":"auto","background-attachment":"scroll","background-type":"","background-media":"","overlay-type":"","overlay-color":"","overlay-opacity":"","overlay-gradient":""},"mobile":{"background-color":"","background-image":"","background-repeat":"repeat","background-position":"center center","background-size":"auto","background-attachment":"scroll","background-type":"","background-media":"","overlay-type":"","overlay-color":"","overlay-opacity":"","overlay-gradient":""}},"ast-content-background-meta":{"desktop":{"background-color":"var(--ast-global-color-4)","background-image":"","background-repeat":"repeat","background-position":"center center","background-size":"auto","background-attachment":"scroll","background-type":"","background-media":"","overlay-type":"","overlay-color":"","overlay-opacity":"","overlay-gradient":""},"tablet":{"background-color":"var(--ast-global-color-4)","background-image":"","background-repeat":"repeat","background-position":"center center","background-size":"auto","background-attachment":"scroll","background-type":"","background-media":"","overlay-type":"","overlay-color":"","overlay-opacity":"","overlay-gradient":""},"mobile":{"background-color":"var(--ast-global-color-4)","background-image":"","background-repeat":"repeat","background-position":"center center","background-size":"auto","background-attachment":"scroll","background-type":"","background-media":"","overlay-type":"","overlay-color":"","overlay-opacity":"","overlay-gradient":""}},"footnotes":""},"class_list":["post-310","page","type-page","status-publish","hentry"],"rttpg_featured_image_url":null,"rttpg_author":{"display_name":"radpi","author_link":"https:\/\/radpi.org\/?author=1"},"rttpg_comment":0,"rttpg_category":null,"rttpg_excerpt":"Un soutien p\u00e9renne pour un impact durable en faveur des des populations vuln\u00e9rables de l&rsquo;Est de la R\u00e9publique D\u00e9mocratique du Congo [give_form id=\u00a0\u00bb312&Prime;]","_links":{"self":[{"href":"https:\/\/radpi.org\/index.php?rest_route=\/wp\/v2\/pages\/310","targetHints":{"allow":["GET"]}}],"collection":[{"href":"https:\/\/radpi.org\/index.php?rest_route=\/wp\/v2\/pages"}],"about":[{"href":"https:\/\/radpi.org\/index.php?rest_route=\/wp\/v2\/types\/page"}],"author":[{"embeddable":true,"href":"https:\/\/radpi.org\/index.php?rest_route=\/wp\/v2\/users\/1"}],"replies":[{"embeddable":true,"href":"https:\/\/radpi.org\/index.php?rest_route=%2Fwp%2Fv2%2Fcomments&post=310"}],"version-history":[{"count":86,"href":"https:\/\/radpi.org\/index.php?rest_route=\/wp\/v2\/pages\/310\/revisions"}],"predecessor-version":[{"id":1219,"href":"https:\/\/radpi.org\/index.php?rest_route=\/wp\/v2\/pages\/310\/revisions\/1219"}],"wp:attachment":[{"href":"https:\/\/radpi.org\/index.php?rest_route=%2Fwp%2Fv2%2Fmedia&parent=310"}],"curies":[{"name":"wp","href":"https:\/\/api.w.org\/{rel}","templated":true}]}}